{"id":257,"date":"2024-01-29T18:11:12","date_gmt":"2024-01-29T17:11:12","guid":{"rendered":"https:\/\/cowork-in-leperon.fr\/?page_id=257"},"modified":"2024-03-04T17:44:32","modified_gmt":"2024-03-04T16:44:32","slug":"mentions-legales","status":"publish","type":"page","link":"https:\/\/cowork-in-leperon.fr\/?page_id=257","title":{"rendered":"Mentions L\u00e9gales"},"content":{"rendered":"\t\t<div data-elementor-type=\"wp-page\" data-elementor-id=\"257\" class=\"elementor elementor-257\">\n\t\t\t\t<div class=\"elementor-element elementor-element-ecdc4bf e-flex e-con-boxed wpr-particle-no wpr-jarallax-no wpr-parallax-no wpr-sticky-section-no wpr-equal-height-no e-con e-parent\" data-id=\"ecdc4bf\" data-element_type=\"container\" data-e-type=\"container\">\n\t\t\t\t\t<div class=\"e-con-inner\">\n\t\t\t\t<div class=\"elementor-element elementor-element-618fe39 elementor-widget elementor-widget-text-editor\" data-id=\"618fe39\" data-element_type=\"widget\" data-e-type=\"widget\" data-widget_type=\"text-editor.default\">\n\t\t\t\t<div class=\"elementor-widget-container\">\n\t\t\t\t\t\t\t\t\t<div id=\"pu480700-39\" class=\"clearfix grpelem shared_content\" data-content-guid=\"pu480700-39_content\"><div id=\"u480700-39\" class=\"clearfix grpelem shared_content\" data-muse-uid=\"U480700\" data-muse-type=\"txt_frame\" data-ibe-flags=\"txtStyleSrc\" data-sizepolicy=\"fixed\" data-pintopage=\"page_fixedCenter\" data-content-guid=\"u480700-39_content\"><p id=\"u480700-6\">Selon la loi n\u00b0 2004 \u2013 575 du 21 Juin 2004 pour la confiance dans l\u2019\u00e9conomie num\u00e9rique (version consolid\u00e9e le 11 Juillet 2010).<\/p><h5 id=\"u480700-9\"><strong>1. Conditions g\u00e9n\u00e9rales du Site Internet :<\/strong><\/h5><p>&#8211; L\u2019utilisation du site <a href=\"https:\/\/cowork-in-leperon.fr\">https:\/\/cowork-in-leperon.fr<\/a> implique l\u2019acceptation pleine et enti\u00e8re des conditions g\u00e9n\u00e9rales d\u2019utilisation ci-apr\u00e8s d\u00e9crites. Ces derni\u00e8res sont susceptibles d\u2019\u00eatre modifi\u00e9es ou compl\u00e9t\u00e9es \u00e0 tout moment lors des mises \u00e0 jour; les utilisateurs du site sont donc invit\u00e9s \u00e0 les consulter de mani\u00e8re r\u00e9guli\u00e8re.<\/p><p id=\"u480700-13\">&#8211; Ce site est normalement accessible \u00e0 toute heure aux utilisateurs. Toutefois, une maintenance technique peut engendrer quelques perturbations que l\u2019agence s\u2019efforcera de limiter dans le temps afin de r\u00e9duire la g\u00eane occasionn\u00e9e.<\/p><h5 id=\"u480700-16\"><strong>2. Pr\u00e9sentation g\u00e9n\u00e9rale du site<\/strong><\/h5><div>&#8211; H\u00e9bergeur OVH<\/div><div>&#8211; D\u00e9nomination Commerciale :\u00a0 COWORKING\u00a0 \u201c COWORK IN&rsquo; L&rsquo;EPERON \u201d <\/div><div>&#8211; Adresse Commerciale : 1 Rampe d&rsquo;Aguesseau &#8211; 16000 Angoul\u00eame<\/div><div>&#8211; Tel : 07 83 49 55 98\u00a0<\/div><div>&#8211; Mail : <a href=\"mailto:cowork.in.leperon@gmail.com\">cowork.in.leperon@gmail.com<\/a>\u00a0<\/div><div>&#8211; Internet : <a href=\"http:\/\/www.cowork-in-leperon.fr\/\">www.cowork-in-leperon.fr<\/a>\u00a0<\/div><div>&#8211; Le Coworking est une propri\u00e9t\u00e9 commerciale de la SCI ZN (Soci\u00e9t\u00e9 Civile et immobili\u00e8re), enregistr\u00e9e au RCS Angoul\u00eame sous le N\u00b0 Siret 88927320700015<\/div><br \/><h5 id=\"u480700-25\"><strong>3. Description du contenu du site<\/strong><\/h5><p id=\"u480700-27\">&#8211; Le site <a href=\"https:\/\/cowork-in-leperon.fr\/\">https:\/\/cowork-in-leperon.fr <\/a>est une source de documentation graphique destin\u00e9e \u00e0 pr\u00e9senter la soci\u00e9t\u00e9, ses activit\u00e9s de cr\u00e9ation et ses champs de comp\u00e9tence.<\/p><p id=\"u480700-29\">&#8211; Le site en perp\u00e9tuelle \u00e9volution et soumis \u00e0 des mises \u00e0 jour r\u00e9guli\u00e8res, ne saurait endosser son enti\u00e8re responsabilit\u00e9 en cas d\u2019oublis ou d\u2019inexactitudes ; qu\u2019elles le concernent directement ou bien qu\u2019elles proviennent de tiers personnes \u00e0 l\u2019origine de ces informations.<\/p><h5 id=\"u480700-32\"><strong>4. Conditions d\u2019utilisation pour lecture des donn\u00e9es techniques<\/strong><\/h5><p id=\"u480700-34\">&#8211; Afin d\u2019obtenir la meilleure qualit\u00e9 de visualisation du contenu du site, il convient de s\u2019assurer de l\u2019installation de certains logiciels sur son poste informatique : le FLASH PLAYER derni\u00e8re version pour lire convenablement les fichiers Flash et le ACROBAT READER derni\u00e8re version pour lire les documents en pdf.<\/p><p id=\"u480700-37\">Nous ne pouvons \u00eatre tenu responsable de tout probl\u00e8me d\u2019affichage ou de lecture car les donn\u00e9es du site sont destin\u00e9es \u00e0 des utilisateurs de postes informatiques r\u00e9cents, non susceptibles d\u2019\u00eatre attaqu\u00e9s par de virus et usant de navigateur mis \u00e0 jour r\u00e9guli\u00e8rement.<\/p><\/div><h5 data-sizepolicy=\"fixed\" data-pintopage=\"page_fluidx\" data-content-guid=\"u479533_content\">\u00a0<\/h5><h5 id=\"u479533\" class=\"size_fixed grpelem shared_content\" data-sizepolicy=\"fixed\" data-pintopage=\"page_fluidx\" data-content-guid=\"u479533_content\"><strong>5. Copyright (propri\u00e9t\u00e9 intellectuelle)<\/strong><\/h5><\/div><div id=\"u480701-30\" class=\"clearfix grpelem shared_content\" data-muse-uid=\"U480701\" data-muse-type=\"txt_frame\" data-ibe-flags=\"txtStyleSrc\" data-sizepolicy=\"fixed\" data-pintopage=\"page_fixedCenter\" data-content-guid=\"u480701-30_content\"><p id=\"u480701-4\">&#8211; https:\/\/cowork-in-leperon.fr est propri\u00e9taire des droits de propri\u00e9t\u00e9 intellectuelle et poss\u00e8de les droits d\u2019usage sur tous les \u00e9l\u00e9ments accessibles sur le site, notamment des textes, images, graphismes et logotypes.<\/p><p id=\"u480701-6\">&#8211; Nous ne saurions consentir aucun droit que celui de consulter le site Internet \u00e0 des usages priv\u00e9s ou professionnels uniquement \u00e0 titre de reproduction pour information.<\/p><p id=\"u480701-8\">&#8211; Toute reproduction ou utilisation de copies de tout ou partie des \u00e9l\u00e9ments du site, quel que soit le moyen ou le proc\u00e9d\u00e9 utilis\u00e9, est interdite, sauf autorisation \u00e9crite pr\u00e9alable avec nous.<\/p><p id=\"u480701-10\">Toute infraction constituera une contrefa\u00e7on poursuivie conform\u00e9ment aux dispositions des articles L.335-2 et suivants du Code de Propri\u00e9t\u00e9 Intellectuelle.<\/p><h5 id=\"u480701-13\"><strong>6. Autres limitations de responsabilit\u00e9.<\/strong><\/h5><p id=\"u480701-15\">Nous ne pourrons \u00eatre tenue responsable :<\/p><p id=\"u480701-17\">&#8211; des dommages directs et indirects caus\u00e9s au mat\u00e9riel de l\u2019utilisateur, lors de l\u2019acc\u00e8s \u00e0 son site\u00a0 https:\/\/cowork-in-leperon.fr , et r\u00e9sultant soit de l\u2019utilisation d\u2019un mat\u00e9riel ne r\u00e9pondant pas aux dispositions indiqu\u00e9es au point 4, soit de l\u2019apparition d\u2019un bug ou d\u2019une incompatibilit\u00e9.<\/p><p id=\"u480701-19\">&#8211; des dommages indirects (tels par exemple qu\u2019une perte de march\u00e9 ou perte d\u2019une chance) cons\u00e9cutifs \u00e0 l\u2019utilisation du site https:\/\/cowork-in-leperon.fr<\/p><p id=\"u480701-21\">Nous nous se r\u00e9servons le droit de supprimer certaines insertions, dans la rubrique CONTACT par exemple, ainsi que tout contenu \u00e0 caract\u00e8re raciste, injurieux, diffamant ou pornographique et d\u2019en informer le cas \u00e9ch\u00e9ant les Pouvoirs Publics en cas d\u2019extr\u00eames agissements.<\/p><h5 id=\"u480701-24\"><strong>7. Gestion des donn\u00e9es personnelles.<\/strong><\/h5><p id=\"u480701-26\">&#8211; Conform\u00e9ment aux dispositions des articles 38 et suivants de la loi 78-17 du 6 janvier 1978 relative \u00e0 l\u2019informatique, aux fichiers et aux libert\u00e9s de la CNIL, tout utilisateur dispose d\u2019un droit d\u2019acc\u00e8s, de rectification et d\u2019opposition aux donn\u00e9es personnelles le concernant, en effectuant sa demande \u00e9crite et sign\u00e9e, accompagn\u00e9e d\u2019une copie du titre d\u2019identit\u00e9 avec signature du titulaire de la pi\u00e8ce, en pr\u00e9cisant l\u2019adresse \u00e0 laquelle la r\u00e9ponse doit \u00eatre adress\u00e9e.<\/p><p id=\"u480701-28\">&#8211; Les bases de donn\u00e9es sont prot\u00e9g\u00e9es par les dispositions de la loi du 1er juillet 1998 transposant la directive 96\/9 du 11 mars 1996 relative \u00e0 la protection juridique des bases de donn\u00e9es.<\/p><\/div>\t\t\t\t\t\t\t\t<\/div>\n\t\t\t\t<\/div>\n\t\t\t\t\t<\/div>\n\t\t\t\t<\/div>\n\t\t\t\t<\/div>\n\t\t","protected":false},"excerpt":{"rendered":"<p>Selon la loi n\u00b0 2004 \u2013 575 du 21 Juin 2004 pour la confiance dans l\u2019\u00e9conomie num\u00e9rique (version consolid\u00e9e le 11 Juillet 2010). 1. Conditions g\u00e9n\u00e9rales du Site Internet : &#8211; L\u2019utilisation du site https:\/\/cowork-in-leperon.fr implique l\u2019acceptation pleine et enti\u00e8re des conditions g\u00e9n\u00e9rales d\u2019utilisation ci-apr\u00e8s d\u00e9crites. Ces derni\u00e8res sont susceptibles d\u2019\u00eatre modifi\u00e9es ou compl\u00e9t\u00e9es \u00e0 tout moment lors des mises \u00e0 jour; les utilisateurs du site sont donc invit\u00e9s \u00e0 les consulter de mani\u00e8re r\u00e9guli\u00e8re. &#8211; Ce site est normalement accessible \u00e0 toute heure aux utilisateurs. Toutefois, une maintenance technique peut engendrer quelques perturbations que l\u2019agence s\u2019efforcera de limiter dans le temps afin de r\u00e9duire la g\u00eane occasionn\u00e9e. 2. Pr\u00e9sentation g\u00e9n\u00e9rale du site &#8211; H\u00e9bergeur OVH- D\u00e9nomination Commerciale :\u00a0 COWORKING\u00a0 \u201c COWORK IN&rsquo; L&rsquo;EPERON \u201d &#8211; Adresse Commerciale : 1 Rampe d&rsquo;Aguesseau &#8211; 16000 Angoul\u00eame- Tel : 07 83 49 55 98\u00a0&#8211; Mail : cowork.in.leperon@gmail.com\u00a0&#8211; Internet : www.cowork-in-leperon.fr\u00a0&#8211; Le Coworking est une propri\u00e9t\u00e9 commerciale de la SCI ZN (Soci\u00e9t\u00e9 Civile et immobili\u00e8re), enregistr\u00e9e au RCS Angoul\u00eame sous le N\u00b0 Siret 88927320700015 3. Description du contenu du site &#8211; Le site https:\/\/cowork-in-leperon.fr est une source de documentation graphique destin\u00e9e \u00e0 pr\u00e9senter la soci\u00e9t\u00e9, ses activit\u00e9s de cr\u00e9ation et ses champs de comp\u00e9tence. &#8211; Le site en perp\u00e9tuelle \u00e9volution et soumis \u00e0 des mises \u00e0 jour r\u00e9guli\u00e8res, ne saurait endosser son enti\u00e8re responsabilit\u00e9 en cas d\u2019oublis ou d\u2019inexactitudes ; qu\u2019elles le concernent directement ou bien qu\u2019elles proviennent de tiers personnes \u00e0 l\u2019origine de ces informations. 4. Conditions d\u2019utilisation pour lecture des donn\u00e9es techniques &#8211; Afin d\u2019obtenir la meilleure qualit\u00e9 de visualisation du contenu du site, il convient de s\u2019assurer de l\u2019installation de certains logiciels sur son poste informatique : le FLASH PLAYER derni\u00e8re version pour lire convenablement les fichiers Flash et le ACROBAT READER derni\u00e8re version pour lire les documents en pdf. Nous ne pouvons \u00eatre tenu responsable de tout probl\u00e8me d\u2019affichage ou de lecture car les donn\u00e9es du site sont destin\u00e9es \u00e0 des utilisateurs de postes informatiques r\u00e9cents, non susceptibles d\u2019\u00eatre attaqu\u00e9s par de virus et usant de navigateur mis \u00e0 jour r\u00e9guli\u00e8rement. \u00a0 5. Copyright (propri\u00e9t\u00e9 intellectuelle) &#8211; https:\/\/cowork-in-leperon.fr est propri\u00e9taire des droits de propri\u00e9t\u00e9 intellectuelle et poss\u00e8de les droits d\u2019usage sur tous les \u00e9l\u00e9ments accessibles sur le site, notamment des textes, images, graphismes et logotypes. &#8211; Nous ne saurions consentir aucun droit que celui de consulter le site Internet \u00e0 des usages priv\u00e9s ou professionnels uniquement \u00e0 titre de reproduction pour information. &#8211; Toute reproduction ou utilisation de copies de tout ou partie des \u00e9l\u00e9ments du site, quel que soit le moyen ou le proc\u00e9d\u00e9 utilis\u00e9, est interdite, sauf autorisation \u00e9crite pr\u00e9alable avec nous. Toute infraction constituera une contrefa\u00e7on poursuivie conform\u00e9ment aux dispositions des articles L.335-2 et suivants du Code de Propri\u00e9t\u00e9 Intellectuelle. 6. Autres limitations de responsabilit\u00e9. Nous ne pourrons \u00eatre tenue responsable : &#8211; des dommages directs et indirects caus\u00e9s au mat\u00e9riel de l\u2019utilisateur, lors de l\u2019acc\u00e8s \u00e0 son site\u00a0 https:\/\/cowork-in-leperon.fr , et r\u00e9sultant soit de l\u2019utilisation d\u2019un mat\u00e9riel ne r\u00e9pondant pas aux dispositions indiqu\u00e9es au point 4, soit de l\u2019apparition d\u2019un bug ou d\u2019une incompatibilit\u00e9. &#8211; des dommages indirects (tels par exemple qu\u2019une perte de march\u00e9 ou perte d\u2019une chance) cons\u00e9cutifs \u00e0 l\u2019utilisation du site https:\/\/cowork-in-leperon.fr Nous nous se r\u00e9servons le droit de supprimer certaines insertions, dans la rubrique CONTACT par exemple, ainsi que tout contenu \u00e0 caract\u00e8re raciste, injurieux, diffamant ou pornographique et d\u2019en informer le cas \u00e9ch\u00e9ant les Pouvoirs Publics en cas d\u2019extr\u00eames agissements. 7. Gestion des donn\u00e9es personnelles. &#8211; Conform\u00e9ment aux dispositions des articles 38 et suivants de la loi 78-17 du 6 janvier 1978 relative \u00e0 l\u2019informatique, aux fichiers et aux libert\u00e9s de la CNIL, tout utilisateur dispose d\u2019un droit d\u2019acc\u00e8s, de rectification et d\u2019opposition aux donn\u00e9es personnelles le concernant, en effectuant sa demande \u00e9crite et sign\u00e9e, accompagn\u00e9e d\u2019une copie du titre d\u2019identit\u00e9 avec signature du titulaire de la pi\u00e8ce, en pr\u00e9cisant l\u2019adresse \u00e0 laquelle la r\u00e9ponse doit \u00eatre adress\u00e9e. &#8211; Les bases de donn\u00e9es sont prot\u00e9g\u00e9es par les dispositions de la loi du 1er juillet 1998 transposant la directive 96\/9 du 11 mars 1996 relative \u00e0 la protection juridique des bases de donn\u00e9es.<\/p>\n","protected":false},"author":1,"featured_media":0,"parent":0,"menu_order":0,"comment_status":"closed","ping_status":"closed","template":"","meta":{"footnotes":""},"class_list":["post-257","page","type-page","status-publish","hentry"],"acf":[],"_links":{"self":[{"href":"https:\/\/cowork-in-leperon.fr\/index.php?rest_route=\/wp\/v2\/pages\/257","targetHints":{"allow":["GET"]}}],"collection":[{"href":"https:\/\/cowork-in-leperon.fr\/index.php?rest_route=\/wp\/v2\/pages"}],"about":[{"href":"https:\/\/cowork-in-leperon.fr\/index.php?rest_route=\/wp\/v2\/types\/page"}],"author":[{"embeddable":true,"href":"https:\/\/cowork-in-leperon.fr\/index.php?rest_route=\/wp\/v2\/users\/1"}],"replies":[{"embeddable":true,"href":"https:\/\/cowork-in-leperon.fr\/index.php?rest_route=%2Fwp%2Fv2%2Fcomments&post=257"}],"version-history":[{"count":7,"href":"https:\/\/cowork-in-leperon.fr\/index.php?rest_route=\/wp\/v2\/pages\/257\/revisions"}],"predecessor-version":[{"id":2001,"href":"https:\/\/cowork-in-leperon.fr\/index.php?rest_route=\/wp\/v2\/pages\/257\/revisions\/2001"}],"wp:attachment":[{"href":"https:\/\/cowork-in-leperon.fr\/index.php?rest_route=%2Fwp%2Fv2%2Fmedia&parent=257"}],"curies":[{"name":"wp","href":"https:\/\/api.w.org\/{rel}","templated":true}]}}